{"id":492,"date":"2022-11-28T10:54:19","date_gmt":"2022-11-28T09:54:19","guid":{"rendered":"https:\/\/cadavi-capital.ch\/?page_id=492"},"modified":"2025-10-02T14:20:30","modified_gmt":"2025-10-02T12:20:30","slug":"protection-des-donnees-mentions-legales","status":"publish","type":"page","link":"https:\/\/cadavi-capital.ch\/fr\/protection-des-donnees-mentions-legales\/","title":{"rendered":"Protection des donn\u00e9es &amp; mentions l\u00e9gales"},"content":{"rendered":"<h2>Mentions l\u00e9gales<\/h2>\n<p>Cadavi Capital AG<br \/>\nPlace de la gare 1<br \/>\n8001 Zurich<\/p>\n<div><\/div>","protected":false},"excerpt":{"rendered":"<p>Mentions l\u00e9gales Cadavi Capital AG Bahnhofplatz 1 8001 Zurich<\/p>","protected":false},"author":2,"featured_media":0,"parent":0,"menu_order":0,"comment_status":"closed","ping_status":"closed","template":"pageimpressum.php","meta":{"_acf_changed":false,"footnotes":""},"class_list":["post-492","page","type-page","status-publish","hentry"],"acf":[],"yoast_head":"<!-- This site is optimized with the Yoast SEO plugin v26.7 - https:\/\/yoast.com\/wordpress\/plugins\/seo\/ -->\n<title>Datenschutz &amp; Impressum - CADAVI CAPITAL - Real Estate Investment Company in Switzerland<\/title>\n<meta name=\"robots\" content=\"index, follow, max-snippet:-1, max-image-preview:large, max-video-preview:-1\" \/>\n<link rel=\"canonical\" href=\"https:\/\/cadavi-capital.ch\/fr\/protection-des-donnees-mentions-legales\/\" \/>\n<meta property=\"og:locale\" content=\"fr_FR\" \/>\n<meta property=\"og:type\" content=\"article\" \/>\n<meta property=\"og:title\" content=\"Datenschutz &amp; Impressum - CADAVI CAPITAL - Real Estate Investment Company in Switzerland\" \/>\n<meta property=\"og:description\" content=\"Impressum Cadavi Capital AG Bahnhofplatz 1 8001 Z\u00fcrich\" \/>\n<meta property=\"og:url\" content=\"https:\/\/cadavi-capital.ch\/fr\/protection-des-donnees-mentions-legales\/\" \/>\n<meta property=\"og:site_name\" content=\"CADAVI CAPITAL - Real Estate Investment Company in Switzerland\" \/>\n<meta property=\"article:modified_time\" content=\"2025-10-02T12:20:30+00:00\" \/>\n<meta name=\"twitter:card\" content=\"summary_large_image\" \/>\n<meta name=\"twitter:label1\" content=\"Dur\u00e9e de lecture estim\u00e9e\" \/>\n\t<meta name=\"twitter:data1\" content=\"1 minute\" \/>\n<script type=\"application\/ld+json\" class=\"yoast-schema-graph\">{\"@context\":\"https:\/\/schema.org\",\"@graph\":[{\"@type\":\"WebPage\",\"@id\":\"https:\/\/cadavi-capital.ch\/datenschutz-impressum\/\",\"url\":\"https:\/\/cadavi-capital.ch\/datenschutz-impressum\/\",\"name\":\"Datenschutz & Impressum - CADAVI CAPITAL - Real Estate Investment Company in Switzerland\",\"isPartOf\":{\"@id\":\"https:\/\/cadavi-capital.ch\/#website\"},\"datePublished\":\"2022-11-28T09:54:19+00:00\",\"dateModified\":\"2025-10-02T12:20:30+00:00\",\"breadcrumb\":{\"@id\":\"https:\/\/cadavi-capital.ch\/datenschutz-impressum\/#breadcrumb\"},\"inLanguage\":\"fr-FR\",\"potentialAction\":[{\"@type\":\"ReadAction\",\"target\":[\"https:\/\/cadavi-capital.ch\/datenschutz-impressum\/\"]}]},{\"@type\":\"BreadcrumbList\",\"@id\":\"https:\/\/cadavi-capital.ch\/datenschutz-impressum\/#breadcrumb\",\"itemListElement\":[{\"@type\":\"ListItem\",\"position\":1,\"name\":\"Home\",\"item\":\"https:\/\/cadavi-capital.ch\/\"},{\"@type\":\"ListItem\",\"position\":2,\"name\":\"Datenschutz &#038; Impressum\"}]},{\"@type\":\"WebSite\",\"@id\":\"https:\/\/cadavi-capital.ch\/#website\",\"url\":\"https:\/\/cadavi-capital.ch\/\",\"name\":\"CADAVI CAPITAL - Real Estate Investment Company in Switzerland\",\"description\":\"\",\"publisher\":{\"@id\":\"https:\/\/cadavi-capital.ch\/#organization\"},\"potentialAction\":[{\"@type\":\"SearchAction\",\"target\":{\"@type\":\"EntryPoint\",\"urlTemplate\":\"https:\/\/cadavi-capital.ch\/?s={search_term_string}\"},\"query-input\":{\"@type\":\"PropertyValueSpecification\",\"valueRequired\":true,\"valueName\":\"search_term_string\"}}],\"inLanguage\":\"fr-FR\"},{\"@type\":\"Organization\",\"@id\":\"https:\/\/cadavi-capital.ch\/#organization\",\"name\":\"CADAVI CAPITAL - Real Estate Investment Company in Switzerland\",\"url\":\"https:\/\/cadavi-capital.ch\/\",\"logo\":{\"@type\":\"ImageObject\",\"inLanguage\":\"fr-FR\",\"@id\":\"https:\/\/cadavi-capital.ch\/#\/schema\/logo\/image\/\",\"url\":\"https:\/\/cadavi-capital.ch\/wp-content\/uploads\/2022\/06\/cropped-CC-Logo.jpg\",\"contentUrl\":\"https:\/\/cadavi-capital.ch\/wp-content\/uploads\/2022\/06\/cropped-CC-Logo.jpg\",\"width\":79,\"height\":90,\"caption\":\"CADAVI CAPITAL - Real Estate Investment Company in Switzerland\"},\"image\":{\"@id\":\"https:\/\/cadavi-capital.ch\/#\/schema\/logo\/image\/\"}}]}<\/script>\n<!-- \/ Yoast SEO plugin. -->","yoast_head_json":{"title":"Protection des donn\u00e9es &amp; Mentions l\u00e9gales - CADAVI CAPITAL - Soci\u00e9t\u00e9 suisse de placement immobilier","robots":{"index":"index","follow":"follow","max-snippet":"max-snippet:-1","max-image-preview":"max-image-preview:large","max-video-preview":"max-video-preview:-1"},"canonical":"https:\/\/cadavi-capital.ch\/fr\/protection-des-donnees-mentions-legales\/","og_locale":"fr_FR","og_type":"article","og_title":"Datenschutz & Impressum - CADAVI CAPITAL - Real Estate Investment Company in Switzerland","og_description":"Impressum Cadavi Capital AG Bahnhofplatz 1 8001 Z\u00fcrich","og_url":"https:\/\/cadavi-capital.ch\/fr\/protection-des-donnees-mentions-legales\/","og_site_name":"CADAVI CAPITAL - Real Estate Investment Company in Switzerland","article_modified_time":"2025-10-02T12:20:30+00:00","twitter_card":"summary_large_image","twitter_misc":{"Dur\u00e9e de lecture estim\u00e9e":"1 minute"},"schema":{"@context":"https:\/\/schema.org","@graph":[{"@type":"WebPage","@id":"https:\/\/cadavi-capital.ch\/datenschutz-impressum\/","url":"https:\/\/cadavi-capital.ch\/datenschutz-impressum\/","name":"Protection des donn\u00e9es &amp; Mentions l\u00e9gales - CADAVI CAPITAL - Soci\u00e9t\u00e9 suisse de placement immobilier","isPartOf":{"@id":"https:\/\/cadavi-capital.ch\/#website"},"datePublished":"2022-11-28T09:54:19+00:00","dateModified":"2025-10-02T12:20:30+00:00","breadcrumb":{"@id":"https:\/\/cadavi-capital.ch\/datenschutz-impressum\/#breadcrumb"},"inLanguage":"fr-FR","potentialAction":[{"@type":"ReadAction","target":["https:\/\/cadavi-capital.ch\/datenschutz-impressum\/"]}]},{"@type":"BreadcrumbList","@id":"https:\/\/cadavi-capital.ch\/datenschutz-impressum\/#breadcrumb","itemListElement":[{"@type":"ListItem","position":1,"name":"Home","item":"https:\/\/cadavi-capital.ch\/"},{"@type":"ListItem","position":2,"name":"Datenschutz &#038; Impressum"}]},{"@type":"WebSite","@id":"https:\/\/cadavi-capital.ch\/#website","url":"https:\/\/cadavi-capital.ch\/","name":"CADAVI CAPITAL - Soci\u00e9t\u00e9 d'investissement immobilier en Suisse","description":"","publisher":{"@id":"https:\/\/cadavi-capital.ch\/#organization"},"potentialAction":[{"@type":"SearchAction","target":{"@type":"EntryPoint","urlTemplate":"https:\/\/cadavi-capital.ch\/?s={search_term_string}"},"query-input":{"@type":"PropertyValueSpecification","valueRequired":true,"valueName":"search_term_string"}}],"inLanguage":"fr-FR"},{"@type":"Organization","@id":"https:\/\/cadavi-capital.ch\/#organization","name":"CADAVI CAPITAL - Soci\u00e9t\u00e9 d'investissement immobilier en Suisse","url":"https:\/\/cadavi-capital.ch\/","logo":{"@type":"ImageObject","inLanguage":"fr-FR","@id":"https:\/\/cadavi-capital.ch\/#\/schema\/logo\/image\/","url":"https:\/\/cadavi-capital.ch\/wp-content\/uploads\/2022\/06\/cropped-CC-Logo.jpg","contentUrl":"https:\/\/cadavi-capital.ch\/wp-content\/uploads\/2022\/06\/cropped-CC-Logo.jpg","width":79,"height":90,"caption":"CADAVI CAPITAL - Real Estate Investment Company in Switzerland"},"image":{"@id":"https:\/\/cadavi-capital.ch\/#\/schema\/logo\/image\/"}}]}},"_links":{"self":[{"href":"https:\/\/cadavi-capital.ch\/fr\/wp-json\/wp\/v2\/pages\/492","targetHints":{"allow":["GET"]}}],"collection":[{"href":"https:\/\/cadavi-capital.ch\/fr\/wp-json\/wp\/v2\/pages"}],"about":[{"href":"https:\/\/cadavi-capital.ch\/fr\/wp-json\/wp\/v2\/types\/page"}],"author":[{"embeddable":true,"href":"https:\/\/cadavi-capital.ch\/fr\/wp-json\/wp\/v2\/users\/2"}],"replies":[{"embeddable":true,"href":"https:\/\/cadavi-capital.ch\/fr\/wp-json\/wp\/v2\/comments?post=492"}],"version-history":[{"count":15,"href":"https:\/\/cadavi-capital.ch\/fr\/wp-json\/wp\/v2\/pages\/492\/revisions"}],"predecessor-version":[{"id":610,"href":"https:\/\/cadavi-capital.ch\/fr\/wp-json\/wp\/v2\/pages\/492\/revisions\/610"}],"wp:attachment":[{"href":"https:\/\/cadavi-capital.ch\/fr\/wp-json\/wp\/v2\/media?parent=492"}],"curies":[{"name":"wp","href":"https:\/\/api.w.org\/{rel}","templated":true}]}}