{"id":262,"date":"2022-05-27T05:08:43","date_gmt":"2022-05-27T05:08:43","guid":{"rendered":"http:\/\/localhost\/cadavi\/home-deutsch\/"},"modified":"2026-04-07T11:34:04","modified_gmt":"2026-04-07T09:34:04","slug":"home-deutsch","status":"publish","type":"page","link":"https:\/\/cadavi-capital.ch\/fr\/","title":{"rendered":"Home - Fran\u00e7ais"},"content":{"rendered":"","protected":false},"excerpt":{"rendered":"","protected":false},"author":1,"featured_media":635,"parent":0,"menu_order":0,"comment_status":"closed","ping_status":"closed","template":"","meta":{"_acf_changed":false,"footnotes":""},"class_list":["post-262","page","type-page","status-publish","has-post-thumbnail","hentry"],"acf":[],"yoast_head":"<!-- This site is optimized with the Yoast SEO plugin v26.7 - https:\/\/yoast.com\/wordpress\/plugins\/seo\/ -->\n<title>Home - Deutsch - CADAVI CAPITAL - Real Estate Investment Company in Switzerland %<\/title>\n<meta name=\"robots\" content=\"index, follow, max-snippet:-1, max-image-preview:large, max-video-preview:-1\" \/>\n<link rel=\"canonical\" href=\"https:\/\/cadavi-capital.ch\/fr\/\" \/>\n<meta property=\"og:locale\" content=\"fr_FR\" \/>\n<meta property=\"og:type\" content=\"article\" \/>\n<meta property=\"og:title\" content=\"Cadavi Capital\" \/>\n<meta property=\"og:url\" content=\"https:\/\/cadavi-capital.ch\/fr\/\" \/>\n<meta property=\"og:site_name\" content=\"CADAVI CAPITAL - Real Estate Investment Company in Switzerland\" \/>\n<meta property=\"article:modified_time\" content=\"2026-04-07T09:34:04+00:00\" \/>\n<meta property=\"og:image\" content=\"https:\/\/cadavi-capital.ch\/wp-content\/uploads\/2022\/09\/WithBlueEmblemEmailSingnature-1.jpeg\" \/>\n\t<meta property=\"og:image:width\" content=\"1041\" \/>\n\t<meta property=\"og:image:height\" content=\"319\" \/>\n\t<meta property=\"og:image:type\" content=\"image\/jpeg\" \/>\n<meta name=\"twitter:card\" content=\"summary_large_image\" \/>\n<meta name=\"twitter:title\" content=\"Cadavi Capital\" \/>\n<meta name=\"twitter:image\" content=\"https:\/\/cadavi-capital.ch\/wp-content\/uploads\/2022\/09\/WithBlueEmblemEmailSingnature-2.jpeg\" \/>\n<meta name=\"twitter:label1\" content=\"Dur\u00e9e de lecture estim\u00e9e\" \/>\n\t<meta name=\"twitter:data1\" content=\"1 minute\" \/>\n<script type=\"application\/ld+json\" class=\"yoast-schema-graph\">{\"@context\":\"https:\/\/schema.org\",\"@graph\":[{\"@type\":\"WebPage\",\"@id\":\"https:\/\/cadavi-capital.ch\/\",\"url\":\"https:\/\/cadavi-capital.ch\/\",\"name\":\"Home - Deutsch - CADAVI CAPITAL - Real Estate Investment Company in Switzerland %\",\"isPartOf\":{\"@id\":\"https:\/\/cadavi-capital.ch\/#website\"},\"primaryImageOfPage\":{\"@id\":\"https:\/\/cadavi-capital.ch\/#primaryimage\"},\"image\":{\"@id\":\"https:\/\/cadavi-capital.ch\/#primaryimage\"},\"thumbnailUrl\":\"https:\/\/cadavi-capital.ch\/wp-content\/uploads\/2026\/01\/Cadavi-Capital-AG.jpg\",\"datePublished\":\"2022-05-27T05:08:43+00:00\",\"dateModified\":\"2026-04-07T09:34:04+00:00\",\"breadcrumb\":{\"@id\":\"https:\/\/cadavi-capital.ch\/#breadcrumb\"},\"inLanguage\":\"fr-FR\",\"potentialAction\":[{\"@type\":\"ReadAction\",\"target\":[\"https:\/\/cadavi-capital.ch\/\"]}]},{\"@type\":\"ImageObject\",\"inLanguage\":\"fr-FR\",\"@id\":\"https:\/\/cadavi-capital.ch\/#primaryimage\",\"url\":\"https:\/\/cadavi-capital.ch\/wp-content\/uploads\/2026\/01\/Cadavi-Capital-AG.jpg\",\"contentUrl\":\"https:\/\/cadavi-capital.ch\/wp-content\/uploads\/2026\/01\/Cadavi-Capital-AG.jpg\",\"width\":269,\"height\":91},{\"@type\":\"BreadcrumbList\",\"@id\":\"https:\/\/cadavi-capital.ch\/#breadcrumb\",\"itemListElement\":[{\"@type\":\"ListItem\",\"position\":1,\"name\":\"Home\",\"item\":\"https:\/\/cadavi-capital.ch\/\"},{\"@type\":\"ListItem\",\"position\":2,\"name\":\"Home &#8211; Deutsch\"}]},{\"@type\":\"WebSite\",\"@id\":\"https:\/\/cadavi-capital.ch\/#website\",\"url\":\"https:\/\/cadavi-capital.ch\/\",\"name\":\"CADAVI CAPITAL - Real Estate Investment Company in Switzerland\",\"description\":\"\",\"publisher\":{\"@id\":\"https:\/\/cadavi-capital.ch\/#organization\"},\"potentialAction\":[{\"@type\":\"SearchAction\",\"target\":{\"@type\":\"EntryPoint\",\"urlTemplate\":\"https:\/\/cadavi-capital.ch\/?s={search_term_string}\"},\"query-input\":{\"@type\":\"PropertyValueSpecification\",\"valueRequired\":true,\"valueName\":\"search_term_string\"}}],\"inLanguage\":\"fr-FR\"},{\"@type\":\"Organization\",\"@id\":\"https:\/\/cadavi-capital.ch\/#organization\",\"name\":\"CADAVI CAPITAL - Real Estate Investment Company in Switzerland\",\"url\":\"https:\/\/cadavi-capital.ch\/\",\"logo\":{\"@type\":\"ImageObject\",\"inLanguage\":\"fr-FR\",\"@id\":\"https:\/\/cadavi-capital.ch\/#\/schema\/logo\/image\/\",\"url\":\"https:\/\/cadavi-capital.ch\/wp-content\/uploads\/2022\/06\/cropped-CC-Logo.jpg\",\"contentUrl\":\"https:\/\/cadavi-capital.ch\/wp-content\/uploads\/2022\/06\/cropped-CC-Logo.jpg\",\"width\":79,\"height\":90,\"caption\":\"CADAVI CAPITAL - Real Estate Investment Company in Switzerland\"},\"image\":{\"@id\":\"https:\/\/cadavi-capital.ch\/#\/schema\/logo\/image\/\"}}]}<\/script>\n<!-- \/ Yoast SEO plugin. -->","yoast_head_json":{"title":"Home - Fran\u00e7ais - CADAVI CAPITAL - Soci\u00e9t\u00e9 de placement immobilier en Suisse %","robots":{"index":"index","follow":"follow","max-snippet":"max-snippet:-1","max-image-preview":"max-image-preview:large","max-video-preview":"max-video-preview:-1"},"canonical":"https:\/\/cadavi-capital.ch\/fr\/","og_locale":"fr_FR","og_type":"article","og_title":"Cadavi Capital","og_url":"https:\/\/cadavi-capital.ch\/fr\/","og_site_name":"CADAVI CAPITAL - Real Estate Investment Company in Switzerland","article_modified_time":"2026-04-07T09:34:04+00:00","og_image":[{"width":1041,"height":319,"url":"https:\/\/cadavi-capital.ch\/wp-content\/uploads\/2022\/09\/WithBlueEmblemEmailSingnature-1.jpeg","type":"image\/jpeg"}],"twitter_card":"summary_large_image","twitter_title":"Cadavi Capital","twitter_image":"https:\/\/cadavi-capital.ch\/wp-content\/uploads\/2022\/09\/WithBlueEmblemEmailSingnature-2.jpeg","twitter_misc":{"Dur\u00e9e de lecture estim\u00e9e":"1 minute"},"schema":{"@context":"https:\/\/schema.org","@graph":[{"@type":"WebPage","@id":"https:\/\/cadavi-capital.ch\/","url":"https:\/\/cadavi-capital.ch\/","name":"Home - Fran\u00e7ais - CADAVI CAPITAL - Soci\u00e9t\u00e9 de placement immobilier en Suisse %","isPartOf":{"@id":"https:\/\/cadavi-capital.ch\/#website"},"primaryImageOfPage":{"@id":"https:\/\/cadavi-capital.ch\/#primaryimage"},"image":{"@id":"https:\/\/cadavi-capital.ch\/#primaryimage"},"thumbnailUrl":"https:\/\/cadavi-capital.ch\/wp-content\/uploads\/2026\/01\/Cadavi-Capital-AG.jpg","datePublished":"2022-05-27T05:08:43+00:00","dateModified":"2026-04-07T09:34:04+00:00","breadcrumb":{"@id":"https:\/\/cadavi-capital.ch\/#breadcrumb"},"inLanguage":"fr-FR","potentialAction":[{"@type":"ReadAction","target":["https:\/\/cadavi-capital.ch\/"]}]},{"@type":"ImageObject","inLanguage":"fr-FR","@id":"https:\/\/cadavi-capital.ch\/#primaryimage","url":"https:\/\/cadavi-capital.ch\/wp-content\/uploads\/2026\/01\/Cadavi-Capital-AG.jpg","contentUrl":"https:\/\/cadavi-capital.ch\/wp-content\/uploads\/2026\/01\/Cadavi-Capital-AG.jpg","width":269,"height":91},{"@type":"BreadcrumbList","@id":"https:\/\/cadavi-capital.ch\/#breadcrumb","itemListElement":[{"@type":"ListItem","position":1,"name":"Home","item":"https:\/\/cadavi-capital.ch\/"},{"@type":"ListItem","position":2,"name":"Home &#8211; Deutsch"}]},{"@type":"WebSite","@id":"https:\/\/cadavi-capital.ch\/#website","url":"https:\/\/cadavi-capital.ch\/","name":"CADAVI CAPITAL - Soci\u00e9t\u00e9 d'investissement immobilier en Suisse","description":"","publisher":{"@id":"https:\/\/cadavi-capital.ch\/#organization"},"potentialAction":[{"@type":"SearchAction","target":{"@type":"EntryPoint","urlTemplate":"https:\/\/cadavi-capital.ch\/?s={search_term_string}"},"query-input":{"@type":"PropertyValueSpecification","valueRequired":true,"valueName":"search_term_string"}}],"inLanguage":"fr-FR"},{"@type":"Organization","@id":"https:\/\/cadavi-capital.ch\/#organization","name":"CADAVI CAPITAL - Soci\u00e9t\u00e9 d'investissement immobilier en Suisse","url":"https:\/\/cadavi-capital.ch\/","logo":{"@type":"ImageObject","inLanguage":"fr-FR","@id":"https:\/\/cadavi-capital.ch\/#\/schema\/logo\/image\/","url":"https:\/\/cadavi-capital.ch\/wp-content\/uploads\/2022\/06\/cropped-CC-Logo.jpg","contentUrl":"https:\/\/cadavi-capital.ch\/wp-content\/uploads\/2022\/06\/cropped-CC-Logo.jpg","width":79,"height":90,"caption":"CADAVI CAPITAL - Real Estate Investment Company in Switzerland"},"image":{"@id":"https:\/\/cadavi-capital.ch\/#\/schema\/logo\/image\/"}}]}},"_links":{"self":[{"href":"https:\/\/cadavi-capital.ch\/fr\/wp-json\/wp\/v2\/pages\/262","targetHints":{"allow":["GET"]}}],"collection":[{"href":"https:\/\/cadavi-capital.ch\/fr\/wp-json\/wp\/v2\/pages"}],"about":[{"href":"https:\/\/cadavi-capital.ch\/fr\/wp-json\/wp\/v2\/types\/page"}],"author":[{"embeddable":true,"href":"https:\/\/cadavi-capital.ch\/fr\/wp-json\/wp\/v2\/users\/1"}],"replies":[{"embeddable":true,"href":"https:\/\/cadavi-capital.ch\/fr\/wp-json\/wp\/v2\/comments?post=262"}],"version-history":[{"count":113,"href":"https:\/\/cadavi-capital.ch\/fr\/wp-json\/wp\/v2\/pages\/262\/revisions"}],"predecessor-version":[{"id":669,"href":"https:\/\/cadavi-capital.ch\/fr\/wp-json\/wp\/v2\/pages\/262\/revisions\/669"}],"wp:featuredmedia":[{"embeddable":true,"href":"https:\/\/cadavi-capital.ch\/fr\/wp-json\/wp\/v2\/media\/635"}],"wp:attachment":[{"href":"https:\/\/cadavi-capital.ch\/fr\/wp-json\/wp\/v2\/media?parent=262"}],"curies":[{"name":"wp","href":"https:\/\/api.w.org\/{rel}","templated":true}]}}